{"id":1066,"date":"2020-07-05T11:56:23","date_gmt":"2020-07-05T11:56:23","guid":{"rendered":"https:\/\/www.tellfilm.ch\/?page_id=1066"},"modified":"2026-04-22T17:08:40","modified_gmt":"2026-04-22T17:08:40","slug":"danielle-giuliani","status":"publish","type":"page","link":"https:\/\/www.tellfilm.ch\/en\/ueber\/danielle-giuliani\/","title":{"rendered":"Danielle Giuliani"},"content":{"rendered":"\t\t<div data-elementor-type=\"wp-page\" data-elementor-id=\"1066\" class=\"elementor elementor-1066\" data-elementor-post-type=\"page\">\n\t\t\t\t\t\t<section data-particle_enable=\"false\" data-particle-mobile-disabled=\"false\" class=\"elementor-section elementor-top-section elementor-element elementor-element-2251778 elementor-section-boxed elementor-section-height-default elementor-section-height-default\" data-id=\"2251778\" data-element_type=\"section\" data-e-type=\"section\" data-settings=\"{&quot;jet_parallax_layout_list&quot;:[{&quot;jet_parallax_layout_image&quot;:{&quot;url&quot;:&quot;&quot;,&quot;id&quot;:&quot;&quot;,&quot;size&quot;:&quot;&quot;},&quot;_id&quot;:&quot;431820a&quot;,&quot;jet_parallax_layout_image_tablet&quot;:{&quot;url&quot;:&quot;&quot;,&quot;id&quot;:&quot;&quot;,&quot;size&quot;:&quot;&quot;},&quot;jet_parallax_layout_image_mobile&quot;:{&quot;url&quot;:&quot;&quot;,&quot;id&quot;:&quot;&quot;,&quot;size&quot;:&quot;&quot;},&quot;jet_parallax_layout_speed&quot;:{&quot;unit&quot;:&quot;%&quot;,&quot;size&quot;:50,&quot;sizes&quot;:[]},&quot;jet_parallax_layout_type&quot;:&quot;scroll&quot;,&quot;jet_parallax_layout_direction&quot;:&quot;1&quot;,&quot;jet_parallax_layout_fx_direction&quot;:null,&quot;jet_parallax_layout_z_index&quot;:&quot;&quot;,&quot;jet_parallax_layout_bg_x&quot;:50,&quot;jet_parallax_layout_bg_x_tablet&quot;:&quot;&quot;,&quot;jet_parallax_layout_bg_x_mobile&quot;:&quot;&quot;,&quot;jet_parallax_layout_bg_y&quot;:50,&quot;jet_parallax_layout_bg_y_tablet&quot;:&quot;&quot;,&quot;jet_parallax_layout_bg_y_mobile&quot;:&quot;&quot;,&quot;jet_parallax_layout_bg_size&quot;:&quot;auto&quot;,&quot;jet_parallax_layout_bg_size_tablet&quot;:&quot;&quot;,&quot;jet_parallax_layout_bg_size_mobile&quot;:&quot;&quot;,&quot;jet_parallax_layout_animation_prop&quot;:&quot;transform&quot;,&quot;jet_parallax_layout_on&quot;:[&quot;desktop&quot;,&quot;tablet&quot;]}]}\">\n\t\t\t\t\t\t<div class=\"elementor-container elementor-column-gap-default\">\n\t\t\t\t\t<div class=\"elementor-column elementor-col-100 elementor-top-column elementor-element elementor-element-1b57d4f\" data-id=\"1b57d4f\" data-element_type=\"column\" data-e-type=\"column\">\n\t\t\t<div class=\"elementor-widget-wrap elementor-element-populated\">\n\t\t\t\t\t\t<div class=\"elementor-element elementor-element-5a0d037 elementor-widget elementor-widget-spacer\" data-id=\"5a0d037\" data-element_type=\"widget\" data-e-type=\"widget\" data-widget_type=\"spacer.default\">\n\t\t\t\t<div class=\"elementor-widget-container\">\n\t\t\t\t\t\t\t<div class=\"elementor-spacer\">\n\t\t\t<div class=\"elementor-spacer-inner\"><\/div>\n\t\t<\/div>\n\t\t\t\t\t\t<\/div>\n\t\t\t\t<\/div>\n\t\t\t\t<div class=\"elementor-element elementor-element-3f38e35 elementor-widget elementor-widget-heading\" data-id=\"3f38e35\" data-element_type=\"widget\" data-e-type=\"widget\" data-widget_type=\"heading.default\">\n\t\t\t\t<div class=\"elementor-widget-container\">\n\t\t\t\t\t<h2 class=\"elementor-heading-title elementor-size-default\">Danielle Giuliani<\/h2>\t\t\t\t<\/div>\n\t\t\t\t<\/div>\n\t\t\t\t<div class=\"elementor-element elementor-element-81a4a55 elementor-widget elementor-widget-heading\" data-id=\"81a4a55\" data-element_type=\"widget\" data-e-type=\"widget\" data-widget_type=\"heading.default\">\n\t\t\t\t<div class=\"elementor-widget-container\">\n\t\t\t\t\t<h3 class=\"elementor-heading-title elementor-size-default\">Produzentin<\/h3>\t\t\t\t<\/div>\n\t\t\t\t<\/div>\n\t\t\t\t<section data-particle_enable=\"false\" data-particle-mobile-disabled=\"false\" class=\"elementor-section elementor-inner-section elementor-element elementor-element-9c471aa elementor-section-boxed elementor-section-height-default elementor-section-height-default\" data-id=\"9c471aa\" data-element_type=\"section\" data-e-type=\"section\" data-settings=\"{&quot;jet_parallax_layout_list&quot;:[{&quot;jet_parallax_layout_image&quot;:{&quot;url&quot;:&quot;&quot;,&quot;id&quot;:&quot;&quot;,&quot;size&quot;:&quot;&quot;},&quot;_id&quot;:&quot;321d97b&quot;,&quot;jet_parallax_layout_image_tablet&quot;:{&quot;url&quot;:&quot;&quot;,&quot;id&quot;:&quot;&quot;,&quot;size&quot;:&quot;&quot;},&quot;jet_parallax_layout_image_mobile&quot;:{&quot;url&quot;:&quot;&quot;,&quot;id&quot;:&quot;&quot;,&quot;size&quot;:&quot;&quot;},&quot;jet_parallax_layout_speed&quot;:{&quot;unit&quot;:&quot;%&quot;,&quot;size&quot;:50,&quot;sizes&quot;:[]},&quot;jet_parallax_layout_type&quot;:&quot;scroll&quot;,&quot;jet_parallax_layout_direction&quot;:&quot;1&quot;,&quot;jet_parallax_layout_fx_direction&quot;:null,&quot;jet_parallax_layout_z_index&quot;:&quot;&quot;,&quot;jet_parallax_layout_bg_x&quot;:50,&quot;jet_parallax_layout_bg_x_tablet&quot;:&quot;&quot;,&quot;jet_parallax_layout_bg_x_mobile&quot;:&quot;&quot;,&quot;jet_parallax_layout_bg_y&quot;:50,&quot;jet_parallax_layout_bg_y_tablet&quot;:&quot;&quot;,&quot;jet_parallax_layout_bg_y_mobile&quot;:&quot;&quot;,&quot;jet_parallax_layout_bg_size&quot;:&quot;auto&quot;,&quot;jet_parallax_layout_bg_size_tablet&quot;:&quot;&quot;,&quot;jet_parallax_layout_bg_size_mobile&quot;:&quot;&quot;,&quot;jet_parallax_layout_animation_prop&quot;:&quot;transform&quot;,&quot;jet_parallax_layout_on&quot;:[&quot;desktop&quot;,&quot;tablet&quot;]}]}\">\n\t\t\t\t\t\t<div class=\"elementor-container elementor-column-gap-default\">\n\t\t\t\t\t<div class=\"elementor-column elementor-col-50 elementor-inner-column elementor-element elementor-element-4c96b3c\" data-id=\"4c96b3c\" data-element_type=\"column\" data-e-type=\"column\">\n\t\t\t<div class=\"elementor-widget-wrap elementor-element-populated\">\n\t\t\t\t\t\t<div class=\"elementor-element elementor-element-9c22e9b elementor-widget elementor-widget-image\" data-id=\"9c22e9b\" data-element_type=\"widget\" data-e-type=\"widget\" data-widget_type=\"image.default\">\n\t\t\t\t<div class=\"elementor-widget-container\">\n\t\t\t\t\t\t\t\t\t\t\t\t\t\t\t<img fetchpriority=\"high\" decoding=\"async\" width=\"800\" height=\"534\" src=\"https:\/\/www.tellfilm.ch\/wp-content\/uploads\/2024\/03\/Danielle-Giuliani-1024x683.jpg\" class=\"attachment-large size-large wp-image-3584\" alt=\"\" srcset=\"https:\/\/www.tellfilm.ch\/wp-content\/uploads\/2024\/03\/Danielle-Giuliani-1024x683.jpg 1024w, https:\/\/www.tellfilm.ch\/wp-content\/uploads\/2024\/03\/Danielle-Giuliani-300x200.jpg 300w, https:\/\/www.tellfilm.ch\/wp-content\/uploads\/2024\/03\/Danielle-Giuliani-768x512.jpg 768w, https:\/\/www.tellfilm.ch\/wp-content\/uploads\/2024\/03\/Danielle-Giuliani-1536x1024.jpg 1536w, https:\/\/www.tellfilm.ch\/wp-content\/uploads\/2024\/03\/Danielle-Giuliani-2048x1365.jpg 2048w, https:\/\/www.tellfilm.ch\/wp-content\/uploads\/2024\/03\/Danielle-Giuliani-18x12.jpg 18w\" sizes=\"(max-width: 800px) 100vw, 800px\" \/>\t\t\t\t\t\t\t\t\t\t\t\t\t\t\t<\/div>\n\t\t\t\t<\/div>\n\t\t\t\t\t<\/div>\n\t\t<\/div>\n\t\t\t\t<div class=\"elementor-column elementor-col-50 elementor-inner-column elementor-element elementor-element-78d0f40\" data-id=\"78d0f40\" data-element_type=\"column\" data-e-type=\"column\">\n\t\t\t<div class=\"elementor-widget-wrap elementor-element-populated\">\n\t\t\t\t\t\t<div class=\"elementor-element elementor-element-ad12c16 elementor-widget elementor-widget-text-editor\" data-id=\"ad12c16\" data-element_type=\"widget\" data-e-type=\"widget\" data-widget_type=\"text-editor.default\">\n\t\t\t\t<div class=\"elementor-widget-container\">\n\t\t\t\t\t\t\t\t\t<p>Danielle Giuliani ist seit Februar 2020 Produzentin und Gesellschafterin bei tellfilm GmbH.\u00a0<\/p><p>Ihre berufliche Laufbahn begann sie als Regieassistentin und Dramaturgin am Theater am Neumarkt in Z\u00fcrich. Sp\u00e4ter folgten eigene Inszenierungen im In- und Ausland u.a. St\u00e4dtische B\u00fchnen Freiburg, Stadttheater Konstanz. Mit der Realisation von mehreren Kurzfilmen wechselte sie zum Film und arbeitete als Regieassistentin, Producerin, f\u00fcr Spiel- und Dokumentarfilmen. Sie war Gr\u00fcndungsmitglied der Filmproduktionsfirma Dschoint Ventschr AG und f\u00fchrte Regie bei zwei Spielfilmen f\u00fcr \u00abDas kleine Fernsehspiel ZDF\u00bb. Es folgten journalistische Arbeiten f\u00fcr Printmedien und ab 1997 f\u00fcr 3sat \u00abKulturzeit\u00bb und f\u00fcr SRF \u00abKultur aktuell\u00bb. Von 1999 bis 2007 war sie Dozentin an der Hochschule Luzern, f\u00fcr Schauspielf\u00fchrung und Inszenierung. In dieser Zeit leitete sie ein interregionales Forschungsprojekt mit europ\u00e4ischen Film- und Kunstschulen.Ihr dramaturgisches Know-how hat sie durch diverse Weiterbildungen laufend vertieft, u.a. an der Master School Drehbuch Berlin sowie an der Entertainment Masterclass (The Format Academy for Entertainment Television).\u00a0<\/p><p>Kommissionsarbeit: 1997-2003: BAK Sektion Film, Begutachtungsausschuss sowie Ausschuss f\u00fcr Aus- und Weiterbildung (Pr\u00e4sidentin). 2006\/2007 Filmfestival Max Oph\u00fcls Preis Saarbr\u00fccken im Auswahlbeirat.<\/p><p>2010 wurde sie Redaktionsleiterin beim Schweizer Fernsehen SRF\/Bereich Factual Entertainment. In dieser Funktion entwickelte sie mehrere Fernsehformate. Ab 2018 war sie Executive Producer bei SRF, wo sie u.a. nationale Gro\u00dfprojekte verantwortete.<\/p>\t\t\t\t\t\t\t\t<\/div>\n\t\t\t\t<\/div>\n\t\t\t\t\t<\/div>\n\t\t<\/div>\n\t\t\t\t\t<\/div>\n\t\t<\/section>\n\t\t\t\t<div class=\"elementor-element elementor-element-2784eff elementor-widget elementor-widget-spacer\" data-id=\"2784eff\" data-element_type=\"widget\" data-e-type=\"widget\" data-widget_type=\"spacer.default\">\n\t\t\t\t<div class=\"elementor-widget-container\">\n\t\t\t\t\t\t\t<div class=\"elementor-spacer\">\n\t\t\t<div class=\"elementor-spacer-inner\"><\/div>\n\t\t<\/div>\n\t\t\t\t\t\t<\/div>\n\t\t\t\t<\/div>\n\t\t\t\t\t<\/div>\n\t\t<\/div>\n\t\t\t\t\t<\/div>\n\t\t<\/section>\n\t\t\t\t<\/div>\n\t\t","protected":false},"excerpt":{"rendered":"<p>Danielle Giuliani Produzentin Danielle Giuliani ist seit Februar 2020 Produzentin und Gesellschafterin bei tellfilm GmbH.\u00a0 Ihre berufliche Laufbahn begann sie als Regieassistentin und Dramaturgin am Theater am Neumarkt in Z\u00fcrich. Sp\u00e4ter folgten eigene Inszenierungen im In- und Ausland u.a. St\u00e4dtische B\u00fchnen Freiburg, Stadttheater Konstanz. Mit der Realisation von mehreren Kurzfilmen wechselte sie zum Film und [&hellip;]<\/p>\n","protected":false},"author":5,"featured_media":0,"parent":298,"menu_order":4,"comment_status":"closed","ping_status":"closed","template":"","meta":{"footnotes":""},"class_list":["post-1066","page","type-page","status-publish","hentry"],"yoast_head":"<!-- This site is optimized with the Yoast SEO plugin v27.4 - https:\/\/yoast.com\/product\/yoast-seo-wordpress\/ -->\n<title>Danielle Giuliani - tellfilm<\/title>\n<meta name=\"robots\" content=\"index, follow, max-snippet:-1, max-image-preview:large, max-video-preview:-1\" \/>\n<link rel=\"canonical\" href=\"https:\/\/www.tellfilm.ch\/en\/ueber\/danielle-giuliani\/\" \/>\n<meta property=\"og:locale\" content=\"en_US\" \/>\n<meta property=\"og:type\" content=\"article\" \/>\n<meta property=\"og:title\" content=\"Danielle Giuliani - tellfilm\" \/>\n<meta property=\"og:description\" content=\"Danielle Giuliani Produzentin Danielle Giuliani ist seit Februar 2020 Produzentin und Gesellschafterin bei tellfilm GmbH.\u00a0 Ihre berufliche Laufbahn begann sie als Regieassistentin und Dramaturgin am Theater am Neumarkt in Z\u00fcrich. Sp\u00e4ter folgten eigene Inszenierungen im In- und Ausland u.a. St\u00e4dtische B\u00fchnen Freiburg, Stadttheater Konstanz. Mit der Realisation von mehreren Kurzfilmen wechselte sie zum Film und [&hellip;]\" \/>\n<meta property=\"og:url\" content=\"https:\/\/www.tellfilm.ch\/en\/ueber\/danielle-giuliani\/\" \/>\n<meta property=\"og:site_name\" content=\"tellfilm\" \/>\n<meta property=\"article:modified_time\" content=\"2026-04-22T17:08:40+00:00\" \/>\n<meta property=\"og:image\" content=\"https:\/\/www.tellfilm.ch\/wp-content\/uploads\/2024\/03\/Danielle-Giuliani-scaled.jpg\" \/>\n\t<meta property=\"og:image:width\" content=\"2560\" \/>\n\t<meta property=\"og:image:height\" content=\"1707\" \/>\n\t<meta property=\"og:image:type\" content=\"image\/jpeg\" \/>\n<meta name=\"twitter:card\" content=\"summary_large_image\" \/>\n<meta name=\"twitter:label1\" content=\"Est. reading time\" \/>\n\t<meta name=\"twitter:data1\" content=\"2 minutes\" \/>\n<script type=\"application\/ld+json\" class=\"yoast-schema-graph\">{\"@context\":\"https:\\\/\\\/schema.org\",\"@graph\":[{\"@type\":\"WebPage\",\"@id\":\"https:\\\/\\\/www.tellfilm.ch\\\/ueber\\\/danielle-giuliani\\\/\",\"url\":\"https:\\\/\\\/www.tellfilm.ch\\\/ueber\\\/danielle-giuliani\\\/\",\"name\":\"Danielle Giuliani - tellfilm\",\"isPartOf\":{\"@id\":\"https:\\\/\\\/www.tellfilm.ch\\\/#website\"},\"primaryImageOfPage\":{\"@id\":\"https:\\\/\\\/www.tellfilm.ch\\\/ueber\\\/danielle-giuliani\\\/#primaryimage\"},\"image\":{\"@id\":\"https:\\\/\\\/www.tellfilm.ch\\\/ueber\\\/danielle-giuliani\\\/#primaryimage\"},\"thumbnailUrl\":\"https:\\\/\\\/www.tellfilm.ch\\\/wp-content\\\/uploads\\\/2024\\\/03\\\/Danielle-Giuliani-1024x683.jpg\",\"datePublished\":\"2020-07-05T11:56:23+00:00\",\"dateModified\":\"2026-04-22T17:08:40+00:00\",\"breadcrumb\":{\"@id\":\"https:\\\/\\\/www.tellfilm.ch\\\/ueber\\\/danielle-giuliani\\\/#breadcrumb\"},\"inLanguage\":\"en-US\",\"potentialAction\":[{\"@type\":\"ReadAction\",\"target\":[\"https:\\\/\\\/www.tellfilm.ch\\\/ueber\\\/danielle-giuliani\\\/\"]}]},{\"@type\":\"ImageObject\",\"inLanguage\":\"en-US\",\"@id\":\"https:\\\/\\\/www.tellfilm.ch\\\/ueber\\\/danielle-giuliani\\\/#primaryimage\",\"url\":\"https:\\\/\\\/www.tellfilm.ch\\\/wp-content\\\/uploads\\\/2024\\\/03\\\/Danielle-Giuliani-1024x683.jpg\",\"contentUrl\":\"https:\\\/\\\/www.tellfilm.ch\\\/wp-content\\\/uploads\\\/2024\\\/03\\\/Danielle-Giuliani-1024x683.jpg\"},{\"@type\":\"BreadcrumbList\",\"@id\":\"https:\\\/\\\/www.tellfilm.ch\\\/ueber\\\/danielle-giuliani\\\/#breadcrumb\",\"itemListElement\":[{\"@type\":\"ListItem\",\"position\":1,\"name\":\"Startseite\",\"item\":\"https:\\\/\\\/www.tellfilm.ch\\\/\"},{\"@type\":\"ListItem\",\"position\":2,\"name\":\"\u00dcber\",\"item\":\"https:\\\/\\\/www.tellfilm.ch\\\/ueber\\\/\"},{\"@type\":\"ListItem\",\"position\":3,\"name\":\"Danielle Giuliani\"}]},{\"@type\":\"WebSite\",\"@id\":\"https:\\\/\\\/www.tellfilm.ch\\\/#website\",\"url\":\"https:\\\/\\\/www.tellfilm.ch\\\/\",\"name\":\"tellfilm\",\"description\":\"Just another WordPress site\",\"potentialAction\":[{\"@type\":\"SearchAction\",\"target\":{\"@type\":\"EntryPoint\",\"urlTemplate\":\"https:\\\/\\\/www.tellfilm.ch\\\/?s={search_term_string}\"},\"query-input\":{\"@type\":\"PropertyValueSpecification\",\"valueRequired\":true,\"valueName\":\"search_term_string\"}}],\"inLanguage\":\"en-US\"}]}<\/script>\n<!-- \/ Yoast SEO plugin. -->","yoast_head_json":{"title":"Danielle Giuliani - tellfilm","robots":{"index":"index","follow":"follow","max-snippet":"max-snippet:-1","max-image-preview":"max-image-preview:large","max-video-preview":"max-video-preview:-1"},"canonical":"https:\/\/www.tellfilm.ch\/en\/ueber\/danielle-giuliani\/","og_locale":"en_US","og_type":"article","og_title":"Danielle Giuliani - tellfilm","og_description":"Danielle Giuliani Produzentin Danielle Giuliani ist seit Februar 2020 Produzentin und Gesellschafterin bei tellfilm GmbH.\u00a0 Ihre berufliche Laufbahn begann sie als Regieassistentin und Dramaturgin am Theater am Neumarkt in Z\u00fcrich. Sp\u00e4ter folgten eigene Inszenierungen im In- und Ausland u.a. St\u00e4dtische B\u00fchnen Freiburg, Stadttheater Konstanz. Mit der Realisation von mehreren Kurzfilmen wechselte sie zum Film und [&hellip;]","og_url":"https:\/\/www.tellfilm.ch\/en\/ueber\/danielle-giuliani\/","og_site_name":"tellfilm","article_modified_time":"2026-04-22T17:08:40+00:00","og_image":[{"width":2560,"height":1707,"url":"https:\/\/www.tellfilm.ch\/wp-content\/uploads\/2024\/03\/Danielle-Giuliani-scaled.jpg","type":"image\/jpeg"}],"twitter_card":"summary_large_image","twitter_misc":{"Est. reading time":"2 minutes"},"schema":{"@context":"https:\/\/schema.org","@graph":[{"@type":"WebPage","@id":"https:\/\/www.tellfilm.ch\/ueber\/danielle-giuliani\/","url":"https:\/\/www.tellfilm.ch\/ueber\/danielle-giuliani\/","name":"Danielle Giuliani - tellfilm","isPartOf":{"@id":"https:\/\/www.tellfilm.ch\/#website"},"primaryImageOfPage":{"@id":"https:\/\/www.tellfilm.ch\/ueber\/danielle-giuliani\/#primaryimage"},"image":{"@id":"https:\/\/www.tellfilm.ch\/ueber\/danielle-giuliani\/#primaryimage"},"thumbnailUrl":"https:\/\/www.tellfilm.ch\/wp-content\/uploads\/2024\/03\/Danielle-Giuliani-1024x683.jpg","datePublished":"2020-07-05T11:56:23+00:00","dateModified":"2026-04-22T17:08:40+00:00","breadcrumb":{"@id":"https:\/\/www.tellfilm.ch\/ueber\/danielle-giuliani\/#breadcrumb"},"inLanguage":"en-US","potentialAction":[{"@type":"ReadAction","target":["https:\/\/www.tellfilm.ch\/ueber\/danielle-giuliani\/"]}]},{"@type":"ImageObject","inLanguage":"en-US","@id":"https:\/\/www.tellfilm.ch\/ueber\/danielle-giuliani\/#primaryimage","url":"https:\/\/www.tellfilm.ch\/wp-content\/uploads\/2024\/03\/Danielle-Giuliani-1024x683.jpg","contentUrl":"https:\/\/www.tellfilm.ch\/wp-content\/uploads\/2024\/03\/Danielle-Giuliani-1024x683.jpg"},{"@type":"BreadcrumbList","@id":"https:\/\/www.tellfilm.ch\/ueber\/danielle-giuliani\/#breadcrumb","itemListElement":[{"@type":"ListItem","position":1,"name":"Startseite","item":"https:\/\/www.tellfilm.ch\/"},{"@type":"ListItem","position":2,"name":"\u00dcber","item":"https:\/\/www.tellfilm.ch\/ueber\/"},{"@type":"ListItem","position":3,"name":"Danielle Giuliani"}]},{"@type":"WebSite","@id":"https:\/\/www.tellfilm.ch\/#website","url":"https:\/\/www.tellfilm.ch\/","name":"tellfilm","description":"Just another WordPress site","potentialAction":[{"@type":"SearchAction","target":{"@type":"EntryPoint","urlTemplate":"https:\/\/www.tellfilm.ch\/?s={search_term_string}"},"query-input":{"@type":"PropertyValueSpecification","valueRequired":true,"valueName":"search_term_string"}}],"inLanguage":"en-US"}]}},"_links":{"self":[{"href":"https:\/\/www.tellfilm.ch\/en\/wp-json\/wp\/v2\/pages\/1066","targetHints":{"allow":["GET"]}}],"collection":[{"href":"https:\/\/www.tellfilm.ch\/en\/wp-json\/wp\/v2\/pages"}],"about":[{"href":"https:\/\/www.tellfilm.ch\/en\/wp-json\/wp\/v2\/types\/page"}],"author":[{"embeddable":true,"href":"https:\/\/www.tellfilm.ch\/en\/wp-json\/wp\/v2\/users\/5"}],"replies":[{"embeddable":true,"href":"https:\/\/www.tellfilm.ch\/en\/wp-json\/wp\/v2\/comments?post=1066"}],"version-history":[{"count":12,"href":"https:\/\/www.tellfilm.ch\/en\/wp-json\/wp\/v2\/pages\/1066\/revisions"}],"predecessor-version":[{"id":4707,"href":"https:\/\/www.tellfilm.ch\/en\/wp-json\/wp\/v2\/pages\/1066\/revisions\/4707"}],"up":[{"embeddable":true,"href":"https:\/\/www.tellfilm.ch\/en\/wp-json\/wp\/v2\/pages\/298"}],"wp:attachment":[{"href":"https:\/\/www.tellfilm.ch\/en\/wp-json\/wp\/v2\/media?parent=1066"}],"curies":[{"name":"wp","href":"https:\/\/api.w.org\/{rel}","templated":true}]}}